{"id":396,"date":"2017-07-22T08:19:18","date_gmt":"2017-07-22T08:19:18","guid":{"rendered":"http:\/\/ischglapartment-com.huberwebmedia.at\/en\/?page_id=396"},"modified":"2017-11-27T10:18:01","modified_gmt":"2017-11-27T10:18:01","slug":"gourmet","status":"publish","type":"page","link":"https:\/\/gruetter.at\/en\/culinary-delights\/gourmet\/","title":{"rendered":"Gourmet"},"content":{"rendered":"<div id='full_slider_1'  class='avia-fullwidth-slider main_color avia-shadow   avia-builder-el-0  el_before_av_section  avia-builder-el-first   container_wrap sidebar_right'  ><div  class='avia-slideshow av-av_slideshow_full-328e0285530bf2872b0864ec0e60d018 avia-slideshow-extra_large av_slideshow_full avia-slide-slider av-slideshow-ui av-control-default av-slideshow-manual av-loop-once av-loop-manual-endless av-default-height-applied   avia-slideshow-1' data-slideshow-options=\"{&quot;animation&quot;:&quot;slide&quot;,&quot;autoplay&quot;:false,&quot;loop_autoplay&quot;:&quot;once&quot;,&quot;interval&quot;:5,&quot;loop_manual&quot;:&quot;manual-endless&quot;,&quot;autoplay_stopper&quot;:false,&quot;noNavigation&quot;:false,&quot;bg_slider&quot;:false,&quot;keep_padding&quot;:false,&quot;hoverpause&quot;:false,&quot;show_slide_delay&quot;:0}\"  itemprop=\"image\" itemscope=\"itemscope\" itemtype=\"https:\/\/schema.org\/ImageObject\" ><ul class='avia-slideshow-inner ' style='padding-bottom: 66.333333333333%;'><li  class='avia-slideshow-slide av-av_slideshow_full-328e0285530bf2872b0864ec0e60d018__0  slide-1 slide-odd'><div data-rel='slideshow-1' class='avia-slide-wrap '   ><img fetchpriority=\"high\" fetchpriority=\"high\" decoding=\"async\" fetchpriority=\"high\" class=\"wp-image-303 avia-img-lazy-loading-not-303\"  src=\"https:\/\/gruetter.at\/wp-content\/uploads\/2017\/07\/AdobeStock_129718139-1500x995.jpeg\" width=\"1500\" height=\"995\" title='Gr\u00fctter Luxury Apartments in Ischgl\/Paznaun' alt=''  itemprop=\"thumbnailUrl\" srcset=\"https:\/\/gruetter.at\/wp-content\/uploads\/2017\/07\/AdobeStock_129718139-1500x995.jpeg 1500w, https:\/\/gruetter.at\/wp-content\/uploads\/2017\/07\/AdobeStock_129718139-300x199.jpeg 300w, https:\/\/gruetter.at\/wp-content\/uploads\/2017\/07\/AdobeStock_129718139-768x510.jpeg 768w, https:\/\/gruetter.at\/wp-content\/uploads\/2017\/07\/AdobeStock_129718139-1030x683.jpeg 1030w, https:\/\/gruetter.at\/wp-content\/uploads\/2017\/07\/AdobeStock_129718139-705x468.jpeg 705w, https:\/\/gruetter.at\/wp-content\/uploads\/2017\/07\/AdobeStock_129718139-450x299.jpeg 450w\" sizes=\"(max-width: 1500px) 100vw, 1500px\" \/><div class='av-section-color-overlay' style='opacity: 0.5; background-color: #2d2d2d; '><\/div><\/div><\/li><li  class='avia-slideshow-slide av-av_slideshow_full-328e0285530bf2872b0864ec0e60d018__1  slide-2 slide-even'><div data-rel='slideshow-1' class='avia-slide-wrap '   ><img fetchpriority=\"high\" fetchpriority=\"high\" decoding=\"async\" fetchpriority=\"high\" class=\"wp-image-304 avia-img-lazy-loading-not-304\"  src=\"https:\/\/gruetter.at\/wp-content\/uploads\/2017\/07\/AdobeStock_81862901-1500x998.jpeg\" width=\"1500\" height=\"998\" title='Gr\u00fctter Luxury Apartments in Ischgl\/Paznaun' alt=''  itemprop=\"thumbnailUrl\" srcset=\"https:\/\/gruetter.at\/wp-content\/uploads\/2017\/07\/AdobeStock_81862901-1500x998.jpeg 1500w, https:\/\/gruetter.at\/wp-content\/uploads\/2017\/07\/AdobeStock_81862901-300x200.jpeg 300w, https:\/\/gruetter.at\/wp-content\/uploads\/2017\/07\/AdobeStock_81862901-768x511.jpeg 768w, https:\/\/gruetter.at\/wp-content\/uploads\/2017\/07\/AdobeStock_81862901-1030x686.jpeg 1030w, https:\/\/gruetter.at\/wp-content\/uploads\/2017\/07\/AdobeStock_81862901-705x469.jpeg 705w, https:\/\/gruetter.at\/wp-content\/uploads\/2017\/07\/AdobeStock_81862901-450x300.jpeg 450w\" sizes=\"(max-width: 1500px) 100vw, 1500px\" \/><div class='av-section-color-overlay' style='opacity: 0.5; background-color: #262626; '><\/div><\/div><\/li><\/ul><div class='avia-slideshow-arrows avia-slideshow-controls' ><a href='#prev' class='prev-slide ' aria-hidden='true' data-av_icon='\ue87c' data-av_iconfont='entypo-fontello'  tabindex='-1'>Previous<\/a><a href='#next' class='next-slide ' aria-hidden='true' data-av_icon='\ue87d' data-av_iconfont='entypo-fontello'  tabindex='-1'>Next<\/a><\/div><div class='avia-slideshow-dots avia-slideshow-controls'><a href='#1' class='goto-slide active' >1<\/a><a href='#2' class='goto-slide ' >2<\/a><\/div><div class='av-slideshow-caption av-av_slideshow_full-328e0285530bf2872b0864ec0e60d018__0 caption_fullwidth caption_center'><div class=\"container caption_container\"><div class=\"slideshow_caption\"><div class=\"slideshow_inner_caption\"><div class=\"slideshow_align_caption\"><h2 class='avia-caption-title '  itemprop=\"name\" >Feasting and savouring<\/h2><div class='avia-caption-content '  itemprop=\"description\" ><p>Gourmets find a huge choice in Ischgl.<\/p>\n<\/div><\/div><\/div><\/div><\/div><\/div><\/div><\/div>\n\n<style type=\"text\/css\" data-created_by=\"avia_inline_auto\" id=\"style-css-av-av_section-809e30e29a84762fc72a634807c3a8d0\">\n.avia-section.av-av_section-809e30e29a84762fc72a634807c3a8d0{\nbackground-color:#2b2b2b;\nbackground-image:unset;\n}\n<\/style>\n<div id='av_section_1'  class='avia-section av-av_section-809e30e29a84762fc72a634807c3a8d0 alternate_color avia-section-small avia-no-border-styling  avia-builder-el-1  el_after_av_slideshow_full  el_before_av_one_full  avia-bg-style-scroll container_wrap sidebar_right'  ><div class='container av-section-cont-open' ><div class='template-page content  av-content-small alpha units'><div class='post-entry post-entry-type-page post-entry-396'><div class='entry-content-wrapper clearfix'>\n\n<style type=\"text\/css\" data-created_by=\"avia_inline_auto\" id=\"style-css-av-av_heading-e1a5225d8fa05451651cb67fad975f9d\">\n#top .av-special-heading.av-av_heading-e1a5225d8fa05451651cb67fad975f9d{\npadding-bottom:10px;\n}\nbody .av-special-heading.av-av_heading-e1a5225d8fa05451651cb67fad975f9d .av-special-heading-tag .heading-char{\nfont-size:25px;\n}\n.av-special-heading.av-av_heading-e1a5225d8fa05451651cb67fad975f9d .av-subheading{\nfont-size:15px;\n}\n<\/style>\n<div  class='av-special-heading av-av_heading-e1a5225d8fa05451651cb67fad975f9d av-special-heading-h1 blockquote modern-quote modern-centered  avia-builder-el-2  el_before_av_one_fourth  avia-builder-el-first '><h1 class='av-special-heading-tag'  itemprop=\"headline\"  >START QUICK ENQUIRY NOW<\/h1><div class=\"special-heading-border\"><div class=\"special-heading-inner-border\"><\/div><\/div><\/div>\n\n<style type=\"text\/css\" data-created_by=\"avia_inline_auto\" id=\"style-css-av-av_one_fourth-15d750bd1b332b34c6e70b077ebbccdf\">\n.flex_column.av-av_one_fourth-15d750bd1b332b34c6e70b077ebbccdf{\nborder-radius:0px 0px 0px 0px;\npadding:0px 0px 0px 0px;\n}\n<\/style>\n<div  class='flex_column av-av_one_fourth-15d750bd1b332b34c6e70b077ebbccdf av_one_fourth  avia-builder-el-3  el_after_av_heading  el_before_av_one_half  first flex_column_div av-zero-column-padding  '     ><\/div>\n<style type=\"text\/css\" data-created_by=\"avia_inline_auto\" id=\"style-css-av-av_one_half-c8fc129dc35fd1ae2a1e410224d39ea8\">\n.flex_column.av-av_one_half-c8fc129dc35fd1ae2a1e410224d39ea8{\nborder-radius:0px 0px 0px 0px;\npadding:0px 0px 0px 0px;\n}\n<\/style>\n<div  class='flex_column av-av_one_half-c8fc129dc35fd1ae2a1e410224d39ea8 av_one_half  avia-builder-el-4  el_after_av_one_fourth  el_before_av_one_fourth  flex_column_div av-zero-column-padding  '     ><div  class='togglecontainer av-av_toggle_container-8e0c6e39d39b619a829887bd54fff3ed  avia-builder-el-5  avia-builder-el-no-sibling  toggle_close_all' >\n<section class='av_toggle_section av-av_toggle-77cb98a4356a7c8866aeec770794527e'  itemscope=\"itemscope\" itemtype=\"https:\/\/schema.org\/CreativeWork\" ><div role=\"tablist\" class=\"single_toggle\" data-tags=\"{All} \"  ><p data-fake-id='#toggle-id-1' class='toggler   '  itemprop=\"headline\"  role='tab' tabindex='0' aria-controls='toggle-id-1'>Quick Enquiry<span class=\"toggle_icon\"><span class=\"vert_icon\"><\/span><span class=\"hor_icon\"><\/span><\/span><\/p><div id='toggle-id-1' class='toggle_wrap  '  ><div class='toggle_content invers-color '  itemprop=\"text\" ><div id=\"ebSmallSearch\"><\/div>\n<p><script type=\"text\/javascript\" src=\"https:\/\/www.easy-booking.at\/ebPlugins\/smallSearch\/js\/jquery.easybooking.smallsearch.v2.js\"><\/script><br \/>\n<script type=\"text\/javascript\">\nfunction ebSmallSearchLoadedCheck() {\n    if(typeof jQuery != \"undefined\") {\n        if(jQuery.fn.ebSmallSearch) {\n            jQuery(\"#ebSmallSearch\").ebSmallSearch({\n                customerId: 1595,\n                serialNo: \"5905-1310-8833\",\n                localeId: 1,\n                resultPage: \"popup\",\n                maxRooms:3,\n                loadCSS: true,\n                labels: {\n                    \"continue\" : \"weiter\"\n                }\n            });\n        } else { setTimeout(ebSmallSearchLoadedCheck,200);}\n    } else {setTimeout(ebSmallSearchLoadedCheck,200);}\n}\nebSmallSearchLoadedCheck();\n<\/script><\/p>\n<\/div><\/div><\/div><\/section>\n<\/div><\/div>\n<style type=\"text\/css\" data-created_by=\"avia_inline_auto\" id=\"style-css-av-av_one_fourth-c8fc129dc35fd1ae2a1e410224d39ea8\">\n.flex_column.av-av_one_fourth-c8fc129dc35fd1ae2a1e410224d39ea8{\nborder-radius:0px 0px 0px 0px;\npadding:0px 0px 0px 0px;\n}\n<\/style>\n<div  class='flex_column av-av_one_fourth-c8fc129dc35fd1ae2a1e410224d39ea8 av_one_fourth  avia-builder-el-6  el_after_av_one_half  avia-builder-el-last  flex_column_div av-zero-column-padding  '     ><\/div><\/div><\/div><\/div><!-- close content main div --><\/div><\/div><div id='after_section_1'  class='main_color av_default_container_wrap container_wrap sidebar_right'  ><div class='container av-section-cont-open' ><div class='template-page content  av-content-small alpha units'><div class='post-entry post-entry-type-page post-entry-396'><div class='entry-content-wrapper clearfix'>\n<style type=\"text\/css\" data-created_by=\"avia_inline_auto\" id=\"style-css-av-av_one_full-15d750bd1b332b34c6e70b077ebbccdf\">\n.flex_column.av-av_one_full-15d750bd1b332b34c6e70b077ebbccdf{\nborder-radius:0px 0px 0px 0px;\npadding:0px 0px 0px 0px;\n}\n<\/style>\n<div  class='flex_column av-av_one_full-15d750bd1b332b34c6e70b077ebbccdf av_one_full  avia-builder-el-7  el_after_av_section  el_before_av_heading  avia-builder-el-first  first flex_column_div av-zero-column-padding  '     ><section  class='av_textblock_section av-av_textblock-2de302bf1aa3cf4c9157dbe6f50ac7eb '   itemscope=\"itemscope\" itemtype=\"https:\/\/schema.org\/CreativeWork\" ><div class='avia_textblock'  itemprop=\"text\" ><h2 style=\"text-align: center;\"><strong>Indulge in delicious food<\/strong><\/h2>\n<p style=\"text-align: center;\">Whether you prefer a traditional Tyrolean or fancy award-winning restaurants, gourmets find a huge choice in dining options which are as international and diverse as it\u2019s guests.<\/p>\n<p style=\"text-align: center;\">We do not want to take away the choice from you. However, below you will find some restaurants which we recommend and we are happy to make reservations for you.<\/p>\n<\/div><\/section><\/div><\/p>\n\n<style type=\"text\/css\" data-created_by=\"avia_inline_auto\" id=\"style-css-av-av_heading-cf6d9770d3469c041b354a7ddcfe4e12\">\n#top .av-special-heading.av-av_heading-cf6d9770d3469c041b354a7ddcfe4e12{\npadding-bottom:17px;\n}\nbody .av-special-heading.av-av_heading-cf6d9770d3469c041b354a7ddcfe4e12 .av-special-heading-tag .heading-char{\nfont-size:25px;\n}\n.av-special-heading.av-av_heading-cf6d9770d3469c041b354a7ddcfe4e12 .av-subheading{\nfont-size:15px;\n}\n<\/style>\n<div  class='av-special-heading av-av_heading-cf6d9770d3469c041b354a7ddcfe4e12 av-special-heading-h3 blockquote modern-quote modern-centered  avia-builder-el-9  el_after_av_one_full  el_before_av_hr '><h3 class='av-special-heading-tag'  itemprop=\"headline\"  >Our restaurant recommendations for your stay in Ischgl<\/h3><div class=\"special-heading-border\"><div class=\"special-heading-inner-border\"><\/div><\/div><\/div>\n\n<style type=\"text\/css\" data-created_by=\"avia_inline_auto\" id=\"style-css-av-av_hr-44cc00fc05ba2d737e4a12ecea796154\">\n#top .hr.av-av_hr-44cc00fc05ba2d737e4a12ecea796154{\nmargin-bottom:30px;\n}\n.hr.av-av_hr-44cc00fc05ba2d737e4a12ecea796154 .hr-inner{\nwidth:50px;\n}\n<\/style>\n<div  class='hr av-av_hr-44cc00fc05ba2d737e4a12ecea796154 hr-custom  avia-builder-el-10  el_after_av_heading  el_before_av_one_third  hr-center hr-icon-no'><span class='hr-inner inner-border-av-border-none'><span class=\"hr-inner-style\"><\/span><\/span><\/div>\n\n<style type=\"text\/css\" data-created_by=\"avia_inline_auto\" id=\"style-css-av-av_one_third-15d750bd1b332b34c6e70b077ebbccdf\">\n.flex_column.av-av_one_third-15d750bd1b332b34c6e70b077ebbccdf{\nborder-radius:0px 0px 0px 0px;\npadding:0px 0px 0px 0px;\n}\n<\/style>\n<div  class='flex_column av-av_one_third-15d750bd1b332b34c6e70b077ebbccdf av_one_third  avia-builder-el-11  el_after_av_hr  el_before_av_one_third  first flex_column_div av-zero-column-padding  '     ><p><div  class='avia-button-wrap av-av_button-c7a78214825a6f31fa35e9be2cb84345-wrap avia-button-center  avia-builder-el-12  el_before_av_textblock  avia-builder-el-first '><a href='http:\/\/www.nevada.at' class='avia-button av-av_button-c7a78214825a6f31fa35e9be2cb84345 avia-icon_select-no avia-size-large avia-position-center avia-color-dark' target=\"_blank\" rel=\"noopener noreferrer\"><span class='avia_iconbox_title' >NEVADA<\/span><\/a><\/div><br \/>\n<section  class='av_textblock_section av-av_textblock-2de302bf1aa3cf4c9157dbe6f50ac7eb '   itemscope=\"itemscope\" itemtype=\"https:\/\/schema.org\/CreativeWork\" ><div class='avia_textblock'  itemprop=\"text\" ><p>The NEVADA STUBE restaurant enjoys an exemplary reputation in the region.<\/p>\n<\/div><\/section><\/p><\/div>\n\n<style type=\"text\/css\" data-created_by=\"avia_inline_auto\" id=\"style-css-av-av_one_third-c8fc129dc35fd1ae2a1e410224d39ea8\">\n.flex_column.av-av_one_third-c8fc129dc35fd1ae2a1e410224d39ea8{\nborder-radius:0px 0px 0px 0px;\npadding:0px 0px 0px 0px;\n}\n<\/style>\n<div  class='flex_column av-av_one_third-c8fc129dc35fd1ae2a1e410224d39ea8 av_one_third  avia-builder-el-14  el_after_av_one_third  el_before_av_one_third  flex_column_div av-zero-column-padding  '     ><p><div  class='avia-button-wrap av-av_button-07345fdb220d1bd7fb957c00bb73bec0-wrap avia-button-center  avia-builder-el-15  el_before_av_textblock  avia-builder-el-first '><a href='http:\/\/www.stiar.at' class='avia-button av-av_button-07345fdb220d1bd7fb957c00bb73bec0 avia-icon_select-no avia-size-large avia-position-center avia-color-dark' target=\"_blank\" rel=\"noopener noreferrer\"><span class='avia_iconbox_title' >STIAR<\/span><\/a><\/div><br \/>\n<section  class='av_textblock_section av-av_textblock-2de302bf1aa3cf4c9157dbe6f50ac7eb '   itemscope=\"itemscope\" itemtype=\"https:\/\/schema.org\/CreativeWork\" ><div class='avia_textblock'  itemprop=\"text\" ><p>Enjoy an extra of fine culinary art served in exquisite atmosphere at the new gourmet restaurant STIAR. The chef Gunther D\u00f6berl and his team will spoil you with excellent dishes and delicate wine.<\/p>\n<\/div><\/section><\/p><\/div>\n\n<style type=\"text\/css\" data-created_by=\"avia_inline_auto\" id=\"style-css-av-av_one_third-c8fc129dc35fd1ae2a1e410224d39ea8\">\n.flex_column.av-av_one_third-c8fc129dc35fd1ae2a1e410224d39ea8{\nborder-radius:0px 0px 0px 0px;\npadding:0px 0px 0px 0px;\n}\n<\/style>\n<div  class='flex_column av-av_one_third-c8fc129dc35fd1ae2a1e410224d39ea8 av_one_third  avia-builder-el-17  el_after_av_one_third  el_before_av_one_third  flex_column_div av-zero-column-padding  '     ><p><div  class='avia-button-wrap av-av_button-a8bb73ce5767f6580017a80967db253a-wrap avia-button-center  avia-builder-el-18  el_before_av_textblock  avia-builder-el-first '><a href='http:\/\/www.kitzloch.at' class='avia-button av-av_button-a8bb73ce5767f6580017a80967db253a avia-icon_select-no avia-size-large avia-position-center avia-color-dark' target=\"_blank\" rel=\"noopener noreferrer\"><span class='avia_iconbox_title' >KITZLOCH<\/span><\/a><\/div><br \/>\n<section  class='av_textblock_section av-av_textblock-2de302bf1aa3cf4c9157dbe6f50ac7eb '   itemscope=\"itemscope\" itemtype=\"https:\/\/schema.org\/CreativeWork\" ><div class='avia_textblock'  itemprop=\"text\" ><p>Lodge Restaurant &amp; Bar. Die gem\u00fctliche, heimelige H\u00fctte im Dorf. Die Kitzloch K\u00fcche ist bekannt f\u00fcr g\u2019schmackige, nationale und internationale Gaumenfreuden, nat\u00fcrlich hausgemacht und f\u00fcr Jedermann.<\/p>\n<\/div><\/section><\/p><\/div>\n\n<style type=\"text\/css\" data-created_by=\"avia_inline_auto\" id=\"style-css-av-av_one_third-15d750bd1b332b34c6e70b077ebbccdf\">\n.flex_column.av-av_one_third-15d750bd1b332b34c6e70b077ebbccdf{\nborder-radius:0px 0px 0px 0px;\npadding:0px 0px 0px 0px;\n}\n<\/style>\n<div  class='flex_column av-av_one_third-15d750bd1b332b34c6e70b077ebbccdf av_one_third  avia-builder-el-20  el_after_av_one_third  el_before_av_one_third  first flex_column_div av-zero-column-padding  column-top-margin'     ><p><div  class='avia-button-wrap av-av_button-3a7de825d20d1af7e7d44e4ea10580b0-wrap avia-button-center  avia-builder-el-21  el_before_av_textblock  avia-builder-el-first '><a href='http:\/\/www.yscla.at\/restaurant-ischgl\/' class='avia-button av-av_button-3a7de825d20d1af7e7d44e4ea10580b0 avia-icon_select-no avia-size-large avia-position-center avia-color-dark' target=\"_blank\" rel=\"noopener noreferrer\"><span class='avia_iconbox_title' >ST\u00dcVA<\/span><\/a><\/div><br \/>\n<section  class='av_textblock_section av-av_textblock-2de302bf1aa3cf4c9157dbe6f50ac7eb '   itemscope=\"itemscope\" itemtype=\"https:\/\/schema.org\/CreativeWork\" ><div class='avia_textblock'  itemprop=\"text\" ><p>An enthusiastic chef, master of his trade, outstanding basic ingredients, creative compositions in the service of personal taste and an ambience that combines noblesse with cosiness: all these aspects combine to create an experience you will never forget.<\/p>\n<\/div><\/section><\/p><\/div>\n\n<style type=\"text\/css\" data-created_by=\"avia_inline_auto\" id=\"style-css-av-av_one_third-c8fc129dc35fd1ae2a1e410224d39ea8\">\n.flex_column.av-av_one_third-c8fc129dc35fd1ae2a1e410224d39ea8{\nborder-radius:0px 0px 0px 0px;\npadding:0px 0px 0px 0px;\n}\n<\/style>\n<div  class='flex_column av-av_one_third-c8fc129dc35fd1ae2a1e410224d39ea8 av_one_third  avia-builder-el-23  el_after_av_one_third  el_before_av_one_third  flex_column_div av-zero-column-padding  column-top-margin'     ><p><div  class='avia-button-wrap av-av_button-32451e77308aa5863bc629f43b63d667-wrap avia-button-center  avia-builder-el-24  el_before_av_textblock  avia-builder-el-first '><a href='http:\/\/www.wirtshaus-walserstube.at\/' class='avia-button av-av_button-32451e77308aa5863bc629f43b63d667 avia-icon_select-no avia-size-large avia-position-center avia-color-dark' target=\"_blank\" rel=\"noopener noreferrer\"><span class='avia_iconbox_title' >WALSERSTUBE<\/span><\/a><\/div><br \/>\n<section  class='av_textblock_section av-av_textblock-2de302bf1aa3cf4c9157dbe6f50ac7eb '   itemscope=\"itemscope\" itemtype=\"https:\/\/schema.org\/CreativeWork\" ><div class='avia_textblock'  itemprop=\"text\" ><p>Our cooking is rooted in the region. We constantly endeavour to use only the best and most natural ingredients from our region when preparing our dishes.<\/p>\n<\/div><\/section><\/p><\/div>\n\n<style type=\"text\/css\" data-created_by=\"avia_inline_auto\" id=\"style-css-av-av_one_third-c8fc129dc35fd1ae2a1e410224d39ea8\">\n.flex_column.av-av_one_third-c8fc129dc35fd1ae2a1e410224d39ea8{\nborder-radius:0px 0px 0px 0px;\npadding:0px 0px 0px 0px;\n}\n<\/style>\n<div  class='flex_column av-av_one_third-c8fc129dc35fd1ae2a1e410224d39ea8 av_one_third  avia-builder-el-26  el_after_av_one_third  avia-builder-el-last  flex_column_div av-zero-column-padding  column-top-margin'     ><p><div  class='avia-button-wrap av-av_button-f3e4942e82344c3bc69739f336afe50d-wrap avia-button-center  avia-builder-el-27  el_before_av_textblock  avia-builder-el-first '><a href='http:\/\/www.loba-ischgl.at' class='avia-button av-av_button-f3e4942e82344c3bc69739f336afe50d avia-icon_select-no avia-size-large avia-position-center avia-color-dark' target=\"_blank\" rel=\"noopener noreferrer\"><span class='avia_iconbox_title' >LOBA<\/span><\/a><\/div><br \/>\n<section  class='av_textblock_section av-av_textblock-2de302bf1aa3cf4c9157dbe6f50ac7eb '   itemscope=\"itemscope\" itemtype=\"https:\/\/schema.org\/CreativeWork\" ><div class='avia_textblock'  itemprop=\"text\" ><p>The cozy <b>LOBASTUBE<\/b> with its quaint Tyrolean charm takes you into a world of delights.<\/p>\n<\/div><\/section><\/p><\/div>\n","protected":false},"excerpt":{"rendered":"","protected":false},"author":2,"featured_media":0,"parent":391,"menu_order":2,"comment_status":"closed","ping_status":"closed","template":"","meta":{"footnotes":""},"class_list":["post-396","page","type-page","status-publish","hentry"],"_links":{"self":[{"href":"https:\/\/gruetter.at\/en\/wp-json\/wp\/v2\/pages\/396","targetHints":{"allow":["GET"]}}],"collection":[{"href":"https:\/\/gruetter.at\/en\/wp-json\/wp\/v2\/pages"}],"about":[{"href":"https:\/\/gruetter.at\/en\/wp-json\/wp\/v2\/types\/page"}],"author":[{"embeddable":true,"href":"https:\/\/gruetter.at\/en\/wp-json\/wp\/v2\/users\/2"}],"replies":[{"embeddable":true,"href":"https:\/\/gruetter.at\/en\/wp-json\/wp\/v2\/comments?post=396"}],"version-history":[{"count":9,"href":"https:\/\/gruetter.at\/en\/wp-json\/wp\/v2\/pages\/396\/revisions"}],"predecessor-version":[{"id":1095,"href":"https:\/\/gruetter.at\/en\/wp-json\/wp\/v2\/pages\/396\/revisions\/1095"}],"up":[{"embeddable":true,"href":"https:\/\/gruetter.at\/en\/wp-json\/wp\/v2\/pages\/391"}],"wp:attachment":[{"href":"https:\/\/gruetter.at\/en\/wp-json\/wp\/v2\/media?parent=396"}],"curies":[{"name":"wp","href":"https:\/\/api.w.org\/{rel}","templated":true}]}}